{"id":18,"date":"2022-09-13T15:59:17","date_gmt":"2022-09-13T15:59:17","guid":{"rendered":"https:\/\/iris-coaching-consulting.com\/?page_id=18"},"modified":"2025-01-13T14:19:29","modified_gmt":"2025-01-13T14:19:29","slug":"training","status":"publish","type":"page","link":"https:\/\/iris-coaching-consulting.com\/en\/training\/","title":{"rendered":"TRAINING"},"content":{"rendered":"<div data-elementor-type=\"wp-page\" data-elementor-id=\"18\" class=\"elementor elementor-18\" data-elementor-post-type=\"page\">\n\t\t\t\t\t\t<section class=\"elementor-section elementor-top-section elementor-element elementor-element-1da23cd0 elementor-section-height-min-height elementor-section-content-middle elementor-section-full_width elementor-section-stretched elementor-section-height-default elementor-section-items-middle\" data-id=\"1da23cd0\" data-element_type=\"section\" data-settings=\"{&quot;background_background&quot;:&quot;classic&quot;,&quot;stretch_section&quot;:&quot;section-stretched&quot;}\">\n\t\t\t\t\t\t\t<div class=\"elementor-background-overlay\"><\/div>\n\t\t\t\t\t\t\t<div class=\"elementor-container elementor-column-gap-no\">\n\t\t\t\t\t<div class=\"elementor-column elementor-col-100 elementor-top-column elementor-element elementor-element-3ed43c06\" data-id=\"3ed43c06\" data-element_type=\"column\">\n\t\t\t<div class=\"elementor-widget-wrap elementor-element-populated\">\n\t\t\t\t\t\t<section class=\"elementor-section elementor-inner-section elementor-element elementor-element-66c3d2e3 elementor-section-full_width elementor-section-height-default elementor-section-height-default\" data-id=\"66c3d2e3\" data-element_type=\"section\">\n\t\t\t\t\t\t<div class=\"elementor-container elementor-column-gap-default\">\n\t\t\t\t\t<div class=\"elementor-column elementor-col-100 elementor-inner-column elementor-element elementor-element-4e10e593\" data-id=\"4e10e593\" data-element_type=\"column\">\n\t\t\t<div class=\"elementor-widget-wrap elementor-element-populated\">\n\t\t\t\t\t\t<div class=\"elementor-element elementor-element-27548a61 elementor-widget elementor-widget-image\" data-id=\"27548a61\" data-element_type=\"widget\" data-widget_type=\"image.default\">\n\t\t\t\t<div class=\"elementor-widget-container\">\n\t\t\t\t\t\t\t\t\t\t\t\t\t\t\t<img fetchpriority=\"high\" decoding=\"async\" width=\"4431\" height=\"1715\" src=\"https:\/\/iris-coaching-consulting.com\/wp-content\/uploads\/2022\/09\/IRIS_WHITE.png\" class=\"attachment-full size-full wp-image-502\" alt=\"Logo Iris Coaching Consulting\" srcset=\"https:\/\/iris-coaching-consulting.com\/wp-content\/uploads\/2022\/09\/IRIS_WHITE.png 4431w, https:\/\/iris-coaching-consulting.com\/wp-content\/uploads\/2022\/09\/IRIS_WHITE-300x116.png 300w, https:\/\/iris-coaching-consulting.com\/wp-content\/uploads\/2022\/09\/IRIS_WHITE-1024x396.png 1024w, https:\/\/iris-coaching-consulting.com\/wp-content\/uploads\/2022\/09\/IRIS_WHITE-768x297.png 768w, https:\/\/iris-coaching-consulting.com\/wp-content\/uploads\/2022\/09\/IRIS_WHITE-1536x595.png 1536w, https:\/\/iris-coaching-consulting.com\/wp-content\/uploads\/2022\/09\/IRIS_WHITE-2048x793.png 2048w\" sizes=\"(max-width: 4431px) 100vw, 4431px\" \/>\t\t\t\t\t\t\t\t\t\t\t\t\t\t\t<\/div>\n\t\t\t\t<\/div>\n\t\t\t\t\t<\/div>\n\t\t<\/div>\n\t\t\t\t\t<\/div>\n\t\t<\/section>\n\t\t\t\t\t<\/div>\n\t\t<\/div>\n\t\t\t\t\t<\/div>\n\t\t<\/section>\n\t\t\t\t<section class=\"elementor-section elementor-top-section elementor-element elementor-element-49f131b elementor-section-boxed elementor-section-height-default elementor-section-height-default\" data-id=\"49f131b\" data-element_type=\"section\">\n\t\t\t\t\t\t<div class=\"elementor-container elementor-column-gap-default\">\n\t\t\t\t\t<div class=\"elementor-column elementor-col-100 elementor-top-column elementor-element elementor-element-f042423\" data-id=\"f042423\" data-element_type=\"column\">\n\t\t\t<div class=\"elementor-widget-wrap elementor-element-populated\">\n\t\t\t\t\t\t<div class=\"elementor-element elementor-element-8e4062b elementor-widget elementor-widget-spacer\" data-id=\"8e4062b\" data-element_type=\"widget\" data-widget_type=\"spacer.default\">\n\t\t\t\t<div class=\"elementor-widget-container\">\n\t\t\t\t\t\t\t<div class=\"elementor-spacer\">\n\t\t\t<div class=\"elementor-spacer-inner\"><\/div>\n\t\t<\/div>\n\t\t\t\t\t\t<\/div>\n\t\t\t\t<\/div>\n\t\t\t\t\t<\/div>\n\t\t<\/div>\n\t\t\t\t\t<\/div>\n\t\t<\/section>\n\t\t\t\t<section class=\"elementor-section elementor-top-section elementor-element elementor-element-13b2d1f elementor-section-boxed elementor-section-height-default elementor-section-height-default\" data-id=\"13b2d1f\" data-element_type=\"section\">\n\t\t\t\t\t\t<div class=\"elementor-container elementor-column-gap-default\">\n\t\t\t\t\t<div class=\"elementor-column elementor-col-100 elementor-top-column elementor-element elementor-element-50bc5b1\" data-id=\"50bc5b1\" data-element_type=\"column\">\n\t\t\t<div class=\"elementor-widget-wrap elementor-element-populated\">\n\t\t\t\t\t\t<div class=\"elementor-element elementor-element-04c3c2c elementor-widget elementor-widget-spacer\" data-id=\"04c3c2c\" data-element_type=\"widget\" data-widget_type=\"spacer.default\">\n\t\t\t\t<div class=\"elementor-widget-container\">\n\t\t\t\t\t\t\t<div class=\"elementor-spacer\">\n\t\t\t<div class=\"elementor-spacer-inner\"><\/div>\n\t\t<\/div>\n\t\t\t\t\t\t<\/div>\n\t\t\t\t<\/div>\n\t\t\t\t\t<\/div>\n\t\t<\/div>\n\t\t\t\t\t<\/div>\n\t\t<\/section>\n\t\t\t\t<section class=\"elementor-section elementor-top-section elementor-element elementor-element-6179b5db elementor-section-full_width elementor-section-height-default elementor-section-height-default\" data-id=\"6179b5db\" data-element_type=\"section\">\n\t\t\t\t\t\t<div class=\"elementor-container elementor-column-gap-default\">\n\t\t\t\t\t<div class=\"elementor-column elementor-col-100 elementor-top-column elementor-element elementor-element-43ab6dd0\" data-id=\"43ab6dd0\" data-element_type=\"column\">\n\t\t\t<div class=\"elementor-widget-wrap elementor-element-populated\">\n\t\t\t\t\t\t<div class=\"elementor-element elementor-element-13d2dca elementor-widget elementor-widget-text-editor\" data-id=\"13d2dca\" data-element_type=\"widget\" data-widget_type=\"text-editor.default\">\n\t\t\t\t<div class=\"elementor-widget-container\">\n\t\t\t\t\t\t\t\t\t<p>&#8222;<\/p>\t\t\t\t\t\t\t\t<\/div>\n\t\t\t\t<\/div>\n\t\t\t\t<div class=\"elementor-element elementor-element-3ab78c24 elementor-widget elementor-widget-text-editor\" data-id=\"3ab78c24\" data-element_type=\"widget\" data-widget_type=\"text-editor.default\">\n\t\t\t\t<div class=\"elementor-widget-container\">\n\t\t\t\t\t\t\t\t\t<p>Encourage personal development.<br \/>Make tasks easier. <br \/>That's what I want to achieve with my trainings. <br \/>Playfully and in a team.<\/p>\t\t\t\t\t\t\t\t<\/div>\n\t\t\t\t<\/div>\n\t\t\t\t\t<\/div>\n\t\t<\/div>\n\t\t\t\t\t<\/div>\n\t\t<\/section>\n\t\t\t\t<section class=\"elementor-section elementor-top-section elementor-element elementor-element-04b49e3 elementor-section-boxed elementor-section-height-default elementor-section-height-default\" data-id=\"04b49e3\" data-element_type=\"section\">\n\t\t\t\t\t\t<div class=\"elementor-container elementor-column-gap-default\">\n\t\t\t\t\t<div class=\"elementor-column elementor-col-100 elementor-top-column elementor-element elementor-element-d14dae8\" data-id=\"d14dae8\" data-element_type=\"column\">\n\t\t\t<div class=\"elementor-widget-wrap elementor-element-populated\">\n\t\t\t\t\t\t<div class=\"elementor-element elementor-element-f39b30a elementor-widget elementor-widget-text-editor\" data-id=\"f39b30a\" data-element_type=\"widget\" data-widget_type=\"text-editor.default\">\n\t\t\t\t<div class=\"elementor-widget-container\">\n\t\t\t\t\t\t\t\t\t<p>Training.<\/p>\t\t\t\t\t\t\t\t<\/div>\n\t\t\t\t<\/div>\n\t\t\t\t\t<\/div>\n\t\t<\/div>\n\t\t\t\t\t<\/div>\n\t\t<\/section>\n\t\t\t\t<section class=\"elementor-section elementor-top-section elementor-element elementor-element-f4ad540 elementor-hidden-mobile elementor-section-boxed elementor-section-height-default elementor-section-height-default\" data-id=\"f4ad540\" data-element_type=\"section\">\n\t\t\t\t\t\t<div class=\"elementor-container elementor-column-gap-default\">\n\t\t\t\t\t<div class=\"elementor-column elementor-col-100 elementor-top-column elementor-element elementor-element-c80eb33\" data-id=\"c80eb33\" data-element_type=\"column\">\n\t\t\t<div class=\"elementor-widget-wrap elementor-element-populated\">\n\t\t\t\t\t\t<div class=\"elementor-element elementor-element-0e38d87 elementor-widget elementor-widget-text-editor\" data-id=\"0e38d87\" data-element_type=\"widget\" data-widget_type=\"text-editor.default\">\n\t\t\t\t<div class=\"elementor-widget-container\">\n\t\t\t\t\t\t\t\t\t<p>The acute shortage of skilled workers in most hotels is leading to new team constellations. Are you doing the same? If you do not have the time or the capacity, I can train your teams with a focus on hotel service. From reservations to service staff. Targeted. With fun and success control. So that every employee not only knows your hotel's service culture, but also lives the brand promise with passion.<\/p>\t\t\t\t\t\t\t\t<\/div>\n\t\t\t\t<\/div>\n\t\t\t\t\t<\/div>\n\t\t<\/div>\n\t\t\t\t\t<\/div>\n\t\t<\/section>\n\t\t\t\t<section class=\"elementor-section elementor-top-section elementor-element elementor-element-504c36e elementor-hidden-desktop elementor-hidden-tablet elementor-section-boxed elementor-section-height-default elementor-section-height-default\" data-id=\"504c36e\" data-element_type=\"section\">\n\t\t\t\t\t\t<div class=\"elementor-container elementor-column-gap-default\">\n\t\t\t\t\t<div class=\"elementor-column elementor-col-100 elementor-top-column elementor-element elementor-element-9c22192\" data-id=\"9c22192\" data-element_type=\"column\">\n\t\t\t<div class=\"elementor-widget-wrap elementor-element-populated\">\n\t\t\t\t\t\t<div class=\"elementor-element elementor-element-ce44afa elementor-widget elementor-widget-text-editor\" data-id=\"ce44afa\" data-element_type=\"widget\" data-widget_type=\"text-editor.default\">\n\t\t\t\t<div class=\"elementor-widget-container\">\n\t\t\t\t\t\t\t\t\t<p>The acute shortage of skilled workers in most hotels is leading to new team constellations. Are you doing the same? If you do not have the time or the capacity, I can train your teams with a focus on hotel service. From reservations to service staff. Targeted. With fun and success control. So that every employee not only knows your hotel's service culture, but also lives the brand promise with passion.<\/p>\t\t\t\t\t\t\t\t<\/div>\n\t\t\t\t<\/div>\n\t\t\t\t\t<\/div>\n\t\t<\/div>\n\t\t\t\t\t<\/div>\n\t\t<\/section>\n\t\t\t\t<section class=\"elementor-section elementor-top-section elementor-element elementor-element-d6a459c elementor-section-boxed elementor-section-height-default elementor-section-height-default\" data-id=\"d6a459c\" data-element_type=\"section\">\n\t\t\t\t\t\t<div class=\"elementor-container elementor-column-gap-default\">\n\t\t\t\t\t<div class=\"elementor-column elementor-col-100 elementor-top-column elementor-element elementor-element-45f8a8d\" data-id=\"45f8a8d\" data-element_type=\"column\">\n\t\t\t<div class=\"elementor-widget-wrap elementor-element-populated\">\n\t\t\t\t\t\t<div class=\"elementor-element elementor-element-0f3f437 elementor-widget elementor-widget-text-editor\" data-id=\"0f3f437\" data-element_type=\"widget\" data-widget_type=\"text-editor.default\">\n\t\t\t\t<div class=\"elementor-widget-container\">\n\t\t\t\t\t\t\t\t\t<p><strong>My approach at a glance:<br \/><\/strong><\/p>\t\t\t\t\t\t\t\t<\/div>\n\t\t\t\t<\/div>\n\t\t\t\t<div class=\"elementor-element elementor-element-3a531ec elementor-widget elementor-widget-text-editor\" data-id=\"3a531ec\" data-element_type=\"widget\" data-widget_type=\"text-editor.default\">\n\t\t\t\t<div class=\"elementor-widget-container\">\n\t\t\t\t\t\t\t\t\t<ul><li>Clarification of the initial situation, target group and training goals.<\/li><li>Determine individual training content and formats.<\/li><li>Alignment with brand promise and corporate values.<\/li><li>Training with many exercises for optimal learning success.<\/li><li>Certificate of attendance and photo documentation.<\/li><li>Individual coaching to reinforce what has been learned.<\/li><\/ul>\t\t\t\t\t\t\t\t<\/div>\n\t\t\t\t<\/div>\n\t\t\t\t\t<\/div>\n\t\t<\/div>\n\t\t\t\t\t<\/div>\n\t\t<\/section>\n\t\t\t\t<section class=\"elementor-section elementor-top-section elementor-element elementor-element-15089a4e elementor-section-boxed elementor-section-height-default elementor-section-height-default\" data-id=\"15089a4e\" data-element_type=\"section\">\n\t\t\t\t\t\t<div class=\"elementor-container elementor-column-gap-wider\">\n\t\t\t\t\t<div class=\"elementor-column elementor-col-100 elementor-top-column elementor-element elementor-element-22335bbb\" data-id=\"22335bbb\" data-element_type=\"column\">\n\t\t\t<div class=\"elementor-widget-wrap elementor-element-populated\">\n\t\t\t\t\t\t<div class=\"elementor-element elementor-element-30b9a9c1 elementor-cta--skin-classic elementor-animated-content elementor-widget elementor-widget-call-to-action\" data-id=\"30b9a9c1\" data-element_type=\"widget\" data-widget_type=\"call-to-action.default\">\n\t\t\t\t<div class=\"elementor-widget-container\">\n\t\t\t\t\t\t\t<div class=\"elementor-cta\">\n\t\t\t\t\t\t\t<div class=\"elementor-cta__content\">\n\t\t\t\t\n\t\t\t\t\t\t\t\t\t<h2 class=\"elementor-cta__title elementor-cta__content-item elementor-content-item\">\n\t\t\t\t\t\tHow can I support you?\t\t\t\t\t<\/h2>\n\t\t\t\t\n\t\t\t\t\t\t\t\t\t<div class=\"elementor-cta__description elementor-cta__content-item elementor-content-item\">\n\t\t\t\t\t\tI look forward to hearing from you.\t\t\t\t\t<\/div>\n\t\t\t\t\n\t\t\t\t\t\t\t\t\t<div class=\"elementor-cta__button-wrapper elementor-cta__content-item elementor-content-item\">\n\t\t\t\t\t<a class=\"elementor-cta__button elementor-button elementor-size-\" href=\"mailto:iris@iris-coaching-consulting.com\">\n\t\t\t\t\t\tEmail\t\t\t\t\t<\/a>\n\t\t\t\t\t<\/div>\n\t\t\t\t\t\t\t<\/div>\n\t\t\t\t\t\t<\/div>\n\t\t\t\t\t\t<\/div>\n\t\t\t\t<\/div>\n\t\t\t\t\t<\/div>\n\t\t<\/div>\n\t\t\t\t\t<\/div>\n\t\t<\/section>\n\t\t\t\t<section class=\"elementor-section elementor-top-section elementor-element elementor-element-cfa303a elementor-section-boxed elementor-section-height-default elementor-section-height-default\" data-id=\"cfa303a\" data-element_type=\"section\">\n\t\t\t\t\t\t<div class=\"elementor-container elementor-column-gap-default\">\n\t\t\t\t\t<div class=\"elementor-column elementor-col-100 elementor-top-column elementor-element elementor-element-6dc96a1\" data-id=\"6dc96a1\" data-element_type=\"column\">\n\t\t\t<div class=\"elementor-widget-wrap elementor-element-populated\">\n\t\t\t\t\t\t<div class=\"elementor-element elementor-element-aab32d1 elementor-widget elementor-widget-spacer\" data-id=\"aab32d1\" data-element_type=\"widget\" data-widget_type=\"spacer.default\">\n\t\t\t\t<div class=\"elementor-widget-container\">\n\t\t\t\t\t\t\t<div class=\"elementor-spacer\">\n\t\t\t<div class=\"elementor-spacer-inner\"><\/div>\n\t\t<\/div>\n\t\t\t\t\t\t<\/div>\n\t\t\t\t<\/div>\n\t\t\t\t\t<\/div>\n\t\t<\/div>\n\t\t\t\t\t<\/div>\n\t\t<\/section>\n\t\t\t\t<\/div>","protected":false},"excerpt":{"rendered":"<p>&#8222; Die pers\u00f6nliche Entwicklung f\u00f6rdern.Aufgaben leicht machen. Das m\u00f6chte ich mit meinen Trainings erreichen. Spielerisch und im Team. Training. Der akute Fachkr\u00e4ftemangel f\u00fchrt in den&#8230;<\/p>\n<div class=\"more-link-wrapper\"><a class=\"more-link\" href=\"https:\/\/iris-coaching-consulting.com\/en\/training\/\">Continue Reading<span class=\"screen-reader-text\">TRAINING<\/span><\/a><\/div>","protected":false},"author":1,"featured_media":0,"parent":0,"menu_order":0,"comment_status":"closed","ping_status":"closed","template":"","meta":{"footnotes":""},"class_list":["post-18","page","type-page","status-publish","hentry","entry"],"yoast_head":"<!-- This site is optimized with the Yoast SEO plugin v26.8 - https:\/\/yoast.com\/product\/yoast-seo-wordpress\/ -->\n<title>TRAINING - IRIS COACHING CONSULTING<\/title>\n<meta name=\"description\" content=\"Training mit Blick auf den Service und die Servicekultur des Hotels oder Gastronomieunternehmens um das Markenversprechen zu halten.\" \/>\n<meta name=\"robots\" content=\"index, follow, max-snippet:-1, max-image-preview:large, max-video-preview:-1\" \/>\n<link rel=\"canonical\" href=\"https:\/\/iris-coaching-consulting.com\/en\/training\/\" \/>\n<meta property=\"og:locale\" content=\"en_US\" \/>\n<meta property=\"og:type\" content=\"article\" \/>\n<meta property=\"og:title\" content=\"IRIS COACHING CONSULTING\" \/>\n<meta property=\"og:description\" content=\"Training mit Blick auf den Service und die Servicekultur des Hotels oder Gastronomieunternehmens um das Markenversprechen zu halten.\" \/>\n<meta property=\"og:url\" content=\"https:\/\/iris-coaching-consulting.com\/en\/training\/\" \/>\n<meta property=\"og:site_name\" content=\"IRIS COACHING CONSULTING\" \/>\n<meta property=\"article:modified_time\" content=\"2025-01-13T14:19:29+00:00\" \/>\n<meta property=\"og:image\" content=\"https:\/\/iris-coaching-consulting.com\/wp-content\/uploads\/2022\/09\/andrew-neel-he22MeGX11o-unsplash_v1.jpg\" \/>\n\t<meta property=\"og:image:width\" content=\"1920\" \/>\n\t<meta property=\"og:image:height\" content=\"1080\" \/>\n\t<meta property=\"og:image:type\" content=\"image\/jpeg\" \/>\n<meta name=\"twitter:card\" content=\"summary_large_image\" \/>\n<meta name=\"twitter:image\" content=\"https:\/\/iris-coaching-consulting.com\/wp-content\/uploads\/2022\/09\/andrew-neel-he22MeGX11o-unsplash_v1.jpg\" \/>\n<meta name=\"twitter:label1\" content=\"Est. reading time\" \/>\n\t<meta name=\"twitter:data1\" content=\"2 minutes\" \/>\n<script type=\"application\/ld+json\" class=\"yoast-schema-graph\">{\"@context\":\"https:\/\/schema.org\",\"@graph\":[{\"@type\":\"WebPage\",\"@id\":\"https:\/\/iris-coaching-consulting.com\/training\/\",\"url\":\"https:\/\/iris-coaching-consulting.com\/training\/\",\"name\":\"TRAINING - IRIS COACHING CONSULTING\",\"isPartOf\":{\"@id\":\"https:\/\/iris-coaching-consulting.com\/#website\"},\"primaryImageOfPage\":{\"@id\":\"https:\/\/iris-coaching-consulting.com\/training\/#primaryimage\"},\"image\":{\"@id\":\"https:\/\/iris-coaching-consulting.com\/training\/#primaryimage\"},\"thumbnailUrl\":\"https:\/\/iris-coaching-consulting.com\/wp-content\/uploads\/2022\/09\/IRIS_WHITE.png\",\"datePublished\":\"2022-09-13T15:59:17+00:00\",\"dateModified\":\"2025-01-13T14:19:29+00:00\",\"description\":\"Training mit Blick auf den Service und die Servicekultur des Hotels oder Gastronomieunternehmens um das Markenversprechen zu halten.\",\"inLanguage\":\"en-US\",\"potentialAction\":[{\"@type\":\"ReadAction\",\"target\":[\"https:\/\/iris-coaching-consulting.com\/training\/\"]}]},{\"@type\":\"ImageObject\",\"inLanguage\":\"en-US\",\"@id\":\"https:\/\/iris-coaching-consulting.com\/training\/#primaryimage\",\"url\":\"https:\/\/iris-coaching-consulting.com\/wp-content\/uploads\/2022\/09\/IRIS_WHITE.png\",\"contentUrl\":\"https:\/\/iris-coaching-consulting.com\/wp-content\/uploads\/2022\/09\/IRIS_WHITE.png\"},{\"@type\":\"WebSite\",\"@id\":\"https:\/\/iris-coaching-consulting.com\/#website\",\"url\":\"https:\/\/iris-coaching-consulting.com\/\",\"name\":\"IRIS COACHING CONSULTING\",\"description\":\"FOR THE MOST BEAUTIFUL BUSINESS IN THE WORLD\",\"publisher\":{\"@id\":\"https:\/\/iris-coaching-consulting.com\/#organization\"},\"potentialAction\":[{\"@type\":\"SearchAction\",\"target\":{\"@type\":\"EntryPoint\",\"urlTemplate\":\"https:\/\/iris-coaching-consulting.com\/?s={search_term_string}\"},\"query-input\":{\"@type\":\"PropertyValueSpecification\",\"valueRequired\":true,\"valueName\":\"search_term_string\"}}],\"inLanguage\":\"en-US\"},{\"@type\":\"Organization\",\"@id\":\"https:\/\/iris-coaching-consulting.com\/#organization\",\"name\":\"IRIS COACHING CONSULTING\",\"url\":\"https:\/\/iris-coaching-consulting.com\/\",\"logo\":{\"@type\":\"ImageObject\",\"inLanguage\":\"en-US\",\"@id\":\"https:\/\/iris-coaching-consulting.com\/#\/schema\/logo\/image\/\",\"url\":\"https:\/\/iris-coaching-consulting.com\/wp-content\/uploads\/2022\/09\/Element-2100-px-H.jpg\",\"contentUrl\":\"https:\/\/iris-coaching-consulting.com\/wp-content\/uploads\/2022\/09\/Element-2100-px-H.jpg\",\"width\":1035,\"height\":401,\"caption\":\"IRIS COACHING CONSULTING\"},\"image\":{\"@id\":\"https:\/\/iris-coaching-consulting.com\/#\/schema\/logo\/image\/\"}}]}<\/script>\n<!-- \/ Yoast SEO plugin. -->","yoast_head_json":{"title":"TRAINING - IRIS COACHING CONSULTING","description":"Training mit Blick auf den Service und die Servicekultur des Hotels oder Gastronomieunternehmens um das Markenversprechen zu halten.","robots":{"index":"index","follow":"follow","max-snippet":"max-snippet:-1","max-image-preview":"max-image-preview:large","max-video-preview":"max-video-preview:-1"},"canonical":"https:\/\/iris-coaching-consulting.com\/en\/training\/","og_locale":"en_US","og_type":"article","og_title":"IRIS COACHING CONSULTING","og_description":"Training mit Blick auf den Service und die Servicekultur des Hotels oder Gastronomieunternehmens um das Markenversprechen zu halten.","og_url":"https:\/\/iris-coaching-consulting.com\/en\/training\/","og_site_name":"IRIS COACHING CONSULTING","article_modified_time":"2025-01-13T14:19:29+00:00","og_image":[{"width":1920,"height":1080,"url":"https:\/\/iris-coaching-consulting.com\/wp-content\/uploads\/2022\/09\/andrew-neel-he22MeGX11o-unsplash_v1.jpg","type":"image\/jpeg"}],"twitter_card":"summary_large_image","twitter_image":"https:\/\/iris-coaching-consulting.com\/wp-content\/uploads\/2022\/09\/andrew-neel-he22MeGX11o-unsplash_v1.jpg","twitter_misc":{"Est. reading time":"2 minutes"},"schema":{"@context":"https:\/\/schema.org","@graph":[{"@type":"WebPage","@id":"https:\/\/iris-coaching-consulting.com\/training\/","url":"https:\/\/iris-coaching-consulting.com\/training\/","name":"TRAINING - IRIS COACHING CONSULTING","isPartOf":{"@id":"https:\/\/iris-coaching-consulting.com\/#website"},"primaryImageOfPage":{"@id":"https:\/\/iris-coaching-consulting.com\/training\/#primaryimage"},"image":{"@id":"https:\/\/iris-coaching-consulting.com\/training\/#primaryimage"},"thumbnailUrl":"https:\/\/iris-coaching-consulting.com\/wp-content\/uploads\/2022\/09\/IRIS_WHITE.png","datePublished":"2022-09-13T15:59:17+00:00","dateModified":"2025-01-13T14:19:29+00:00","description":"Training mit Blick auf den Service und die Servicekultur des Hotels oder Gastronomieunternehmens um das Markenversprechen zu halten.","inLanguage":"en-US","potentialAction":[{"@type":"ReadAction","target":["https:\/\/iris-coaching-consulting.com\/training\/"]}]},{"@type":"ImageObject","inLanguage":"en-US","@id":"https:\/\/iris-coaching-consulting.com\/training\/#primaryimage","url":"https:\/\/iris-coaching-consulting.com\/wp-content\/uploads\/2022\/09\/IRIS_WHITE.png","contentUrl":"https:\/\/iris-coaching-consulting.com\/wp-content\/uploads\/2022\/09\/IRIS_WHITE.png"},{"@type":"WebSite","@id":"https:\/\/iris-coaching-consulting.com\/#website","url":"https:\/\/iris-coaching-consulting.com\/","name":"IRIS COACHING CONSULTING","description":"FOR THE MOST BEAUTIFUL BUSINESS IN THE WORLD","publisher":{"@id":"https:\/\/iris-coaching-consulting.com\/#organization"},"potentialAction":[{"@type":"SearchAction","target":{"@type":"EntryPoint","urlTemplate":"https:\/\/iris-coaching-consulting.com\/?s={search_term_string}"},"query-input":{"@type":"PropertyValueSpecification","valueRequired":true,"valueName":"search_term_string"}}],"inLanguage":"en-US"},{"@type":"Organization","@id":"https:\/\/iris-coaching-consulting.com\/#organization","name":"IRIS COACHING CONSULTING","url":"https:\/\/iris-coaching-consulting.com\/","logo":{"@type":"ImageObject","inLanguage":"en-US","@id":"https:\/\/iris-coaching-consulting.com\/#\/schema\/logo\/image\/","url":"https:\/\/iris-coaching-consulting.com\/wp-content\/uploads\/2022\/09\/Element-2100-px-H.jpg","contentUrl":"https:\/\/iris-coaching-consulting.com\/wp-content\/uploads\/2022\/09\/Element-2100-px-H.jpg","width":1035,"height":401,"caption":"IRIS COACHING CONSULTING"},"image":{"@id":"https:\/\/iris-coaching-consulting.com\/#\/schema\/logo\/image\/"}}]}},"_links":{"self":[{"href":"https:\/\/iris-coaching-consulting.com\/en\/wp-json\/wp\/v2\/pages\/18","targetHints":{"allow":["GET"]}}],"collection":[{"href":"https:\/\/iris-coaching-consulting.com\/en\/wp-json\/wp\/v2\/pages"}],"about":[{"href":"https:\/\/iris-coaching-consulting.com\/en\/wp-json\/wp\/v2\/types\/page"}],"author":[{"embeddable":true,"href":"https:\/\/iris-coaching-consulting.com\/en\/wp-json\/wp\/v2\/users\/1"}],"replies":[{"embeddable":true,"href":"https:\/\/iris-coaching-consulting.com\/en\/wp-json\/wp\/v2\/comments?post=18"}],"version-history":[{"count":60,"href":"https:\/\/iris-coaching-consulting.com\/en\/wp-json\/wp\/v2\/pages\/18\/revisions"}],"predecessor-version":[{"id":1276,"href":"https:\/\/iris-coaching-consulting.com\/en\/wp-json\/wp\/v2\/pages\/18\/revisions\/1276"}],"wp:attachment":[{"href":"https:\/\/iris-coaching-consulting.com\/en\/wp-json\/wp\/v2\/media?parent=18"}],"curies":[{"name":"wp","href":"https:\/\/api.w.org\/{rel}","templated":true}]}}